{"id":32471,"date":"2024-02-13T14:24:10","date_gmt":"2024-02-13T14:24:10","guid":{"rendered":"https:\/\/www.wellnesstraveluniversity.com\/?page_id=32471"},"modified":"2024-02-15T14:25:19","modified_gmt":"2024-02-15T14:25:19","slug":"saint-lucia-february-newsletter","status":"publish","type":"page","link":"https:\/\/www.wellnesstraveluniversity.com\/fi\/saint-lucia-february-newsletter\/","title":{"rendered":"Saint Lucia &#8211; February newsletter"},"content":{"rendered":"<div data-elementor-type=\"wp-post\" data-elementor-id=\"32471\" class=\"elementor elementor-32471\" data-elementor-settings=\"[]\">\n\t\t\t\t\t\t<div class=\"elementor-inner\">\n\t\t\t\t\t\t\t<div class=\"elementor-section-wrap\">\n\t\t\t\t\t\t\t<section class=\"elementor-section elementor-top-section elementor-element elementor-element-9690a79 elementor-section-height-min-height elementor-section-full_width elementor-section-height-default elementor-section-items-middle\" data-id=\"9690a79\" data-element_type=\"section\" data-settings=\"{&quot;background_background&quot;:&quot;classic&quot;}\">\n\t\t\t\t\t\t<div class=\"elementor-container elementor-column-gap-default\">\n\t\t\t\t\t\t\t<div class=\"elementor-row\">\n\t\t\t\t\t<div class=\"elementor-column elementor-col-100 elementor-top-column elementor-element elementor-element-69d31e9\" data-id=\"69d31e9\" data-element_type=\"column\">\n\t\t\t<div class=\"elementor-column-wrap elementor-element-populated\">\n\t\t\t\t\t\t\t<div class=\"elementor-widget-wrap\">\n\t\t\t\t\t\t<div class=\"elementor-element elementor-element-535d4d2 elementor-widget elementor-widget-heading\" data-id=\"535d4d2\" data-element_type=\"widget\" data-widget_type=\"heading.default\">\n\t\t\t\t<div class=\"elementor-widget-container\">\n\t\t\t<h2 class=\"elementor-heading-title elementor-size-default\">newsletter<\/h2>\t\t<\/div>\n\t\t\t\t<\/div>\n\t\t\t\t\t\t<\/div>\n\t\t\t\t\t<\/div>\n\t\t<\/div>\n\t\t\t\t\t\t\t\t<\/div>\n\t\t\t\t\t<\/div>\n\t\t<\/section>\n\t\t\t\t<section class=\"elementor-section elementor-top-section elementor-element elementor-element-262a6eb elementor-section-boxed elementor-section-height-default elementor-section-height-default\" data-id=\"262a6eb\" data-element_type=\"section\">\n\t\t\t\t\t\t<div class=\"elementor-container elementor-column-gap-default\">\n\t\t\t\t\t\t\t<div class=\"elementor-row\">\n\t\t\t\t\t<div class=\"elementor-column elementor-col-100 elementor-top-column elementor-element elementor-element-8b22390\" data-id=\"8b22390\" data-element_type=\"column\">\n\t\t\t<div class=\"elementor-column-wrap elementor-element-populated\">\n\t\t\t\t\t\t\t<div class=\"elementor-widget-wrap\">\n\t\t\t\t\t\t<div class=\"elementor-element elementor-element-b77c973 elementor-widget elementor-widget-heading\" data-id=\"b77c973\" data-element_type=\"widget\" data-widget_type=\"heading.default\">\n\t\t\t\t<div class=\"elementor-widget-container\">\n\t\t\t<h1 class=\"elementor-heading-title elementor-size-large\">Saint Lucia: A Journey into comprehensive well-being<\/h1>\t\t<\/div>\n\t\t\t\t<\/div>\n\t\t\t\t<div class=\"elementor-element elementor-element-2a2be22 elementor-widget elementor-widget-heading\" data-id=\"2a2be22\" data-element_type=\"widget\" data-widget_type=\"heading.default\">\n\t\t\t\t<div class=\"elementor-widget-container\">\n\t\t\t<h2 class=\"elementor-heading-title elementor-size-small\">written by Laura Powell | February 15, 2024<\/h2>\t\t<\/div>\n\t\t\t\t<\/div>\n\t\t\t\t<div class=\"elementor-element elementor-element-18cbab8 elementor-widget elementor-widget-image\" data-id=\"18cbab8\" data-element_type=\"widget\" data-widget_type=\"image.default\">\n\t\t\t\t<div class=\"elementor-widget-container\">\n\t\t\t\t\t\t\t\t<div class=\"elementor-image\">\n\t\t\t\t\t\t\t\t\t\t\t\t<img decoding=\"async\" src=\"https:\/\/www.wellnesstraveluniversity.com\/wp-content\/uploads\/elementor\/thumbs\/slf242-qjr44l65jkyzp8g8e1xnwkqlbhtget754qmeyjqg5o.jpg\" title=\"slf242\" alt=\"slf242\" \/>\t\t\t\t\t\t\t\t\t\t\t\t\t\t<\/div>\n\t\t\t\t\t\t<\/div>\n\t\t\t\t<\/div>\n\t\t\t\t<div class=\"elementor-element elementor-element-2fff695 elementor-widget elementor-widget-text-editor\" data-id=\"2fff695\" data-element_type=\"widget\" data-widget_type=\"text-editor.default\">\n\t\t\t\t<div class=\"elementor-widget-container\">\n\t\t\t\t\t\t\t\t<div class=\"elementor-text-editor elementor-clearfix\">\n\t\t\t\t\t<p><span style=\"font-weight: 400;\">With a world of exquisite natural wonders and a cornucopia of world-class spas, Saint Lucia offers all of the attributes necessary for a journey into comprehensive well-being.<\/span><\/p><p><span style=\"font-weight: 400;\">Saint Lucia, located in the eastern Caribbean just 3.5 hours from Miami, is a hot spot for wellness enthusiasts. The island, unlike many others in the area, has a diverse environment, with one-of-a-kind mountains, lush rainforests and pristine rivers. Of course, being an island, Saint Lucia has gorgeous coastlines and sparkling ocean waters. This biodiversity inspires the architects who build hotels here, and the chefs and spa directors who infuse their menus with local ingredients.\u00a0\u00a0<\/span><\/p><p><span style=\"font-weight: 400;\">Must-sees on Saint Lucia include the peaks of the Pitons, two volcanic spires that are a UNESCO World Heritage Site. Sulphur Springs Park is a place where visitors can soak their worries away in a collection of mud pools warmed by geothermal energy. The island\u2019s UNESCO-designated rainforest is filled with flora and fauna rarely seen elsewhere in the world.\u00a0<\/span><\/p><p><span style=\"font-weight: 400;\">Saint Lucia is filled with resorts where wellness is top of mind. Some properties even offer three-walled rooms, which are open, literally, to nature. BodyHoliday is the most famous wellness resort on the island, but it is far from alone. Among the others are Jade Mountain and Ladera Resorts, Anse Chastanet, Stonefield Villa Resort, and Sugar Beach, a Viceroy Resort. Spa offerings at these places range from<\/span> <span style=\"font-weight: 400;\">generational folk remedies to treatments including cutting-edge body science.<\/span><\/p><p>One of Saint Lucia\u2019s most popular indigenous products is cacao, the key ingredient in chocolate. Aside from trying out cacao-infused spa treatments and sampling luscious chocolate desserts, visitors can tour Hotel Chocolat\u2019s Project Chocolat on the Rabot Estate. Popular tours like the <em>Tree to Bar Experience<\/em> include tastings!<\/p>\t\t\t\t\t<\/div>\n\t\t\t\t\t\t<\/div>\n\t\t\t\t<\/div>\n\t\t\t\t<div class=\"elementor-element elementor-element-999e72c elementor-widget elementor-widget-text-editor\" data-id=\"999e72c\" data-element_type=\"widget\" data-widget_type=\"text-editor.default\">\n\t\t\t\t<div class=\"elementor-widget-container\">\n\t\t\t\t\t\t\t\t<div class=\"elementor-text-editor elementor-clearfix\">\n\t\t\t\t\t<h5>For more Saint Lucian inspiration, visit&nbsp;<a href=\"https:\/\/www.wellnesstraveluniversity.com\/fi\/courses\/saint-lucia\/\">www.wellnesstraveluniversity.com\/course<\/a><\/h5>\t\t\t\t\t<\/div>\n\t\t\t\t\t\t<\/div>\n\t\t\t\t<\/div>\n\t\t\t\t\t\t<\/div>\n\t\t\t\t\t<\/div>\n\t\t<\/div>\n\t\t\t\t\t\t\t\t<\/div>\n\t\t\t\t\t<\/div>\n\t\t<\/section>\n\t\t\t\t<section class=\"elementor-section elementor-top-section elementor-element elementor-element-193edb1 elementor-section-boxed elementor-section-height-default elementor-section-height-default\" data-id=\"193edb1\" data-element_type=\"section\">\n\t\t\t\t\t\t<div class=\"elementor-container elementor-column-gap-default\">\n\t\t\t\t\t\t\t<div class=\"elementor-row\">\n\t\t\t\t\t<div class=\"elementor-column elementor-col-100 elementor-top-column elementor-element elementor-element-0aba1fb\" data-id=\"0aba1fb\" data-element_type=\"column\">\n\t\t\t<div class=\"elementor-column-wrap elementor-element-populated\">\n\t\t\t\t\t\t\t<div class=\"elementor-widget-wrap\">\n\t\t\t\t\t\t<div class=\"elementor-element elementor-element-7bb5b03 elementor-widget elementor-widget-template\" data-id=\"7bb5b03\" data-element_type=\"widget\" data-widget_type=\"template.default\">\n\t\t\t\t<div class=\"elementor-widget-container\">\n\t\t\t\t\t<div class=\"elementor-template\">\n\t\t\t\t\t<div data-elementor-type=\"section\" data-elementor-id=\"28652\" class=\"elementor elementor-28652\" data-elementor-settings=\"[]\">\n\t\t<div class=\"elementor-section-wrap\">\n\t\t\t\t\t<section class=\"elementor-section elementor-top-section elementor-element elementor-element-799493d elementor-section-content-middle elementor-section-stretched elementor-section-boxed elementor-section-height-default elementor-section-height-default\" data-id=\"799493d\" data-element_type=\"section\" data-settings=\"{&quot;background_background&quot;:&quot;classic&quot;,&quot;stretch_section&quot;:&quot;section-stretched&quot;}\">\n\t\t\t\t\t\t<div class=\"elementor-container elementor-column-gap-no\">\n\t\t\t\t\t\t\t<div class=\"elementor-row\">\n\t\t\t\t\t<div class=\"elementor-column elementor-col-100 elementor-top-column elementor-element elementor-element-2ba8694d\" data-id=\"2ba8694d\" data-element_type=\"column\">\n\t\t\t<div class=\"elementor-column-wrap elementor-element-populated\">\n\t\t\t\t\t\t\t<div class=\"elementor-widget-wrap\">\n\t\t\t\t\t\t<div class=\"elementor-element elementor-element-540e5690 elementor-widget elementor-widget-image\" data-id=\"540e5690\" data-element_type=\"widget\" data-widget_type=\"image.default\">\n\t\t\t\t<div class=\"elementor-widget-container\">\n\t\t\t\t\t\t\t\t<div class=\"elementor-image\">\n\t\t\t\t\t\t\t\t\t\t\t\t<img loading=\"lazy\" decoding=\"async\" width=\"300\" height=\"258\" src=\"https:\/\/www.wellnesstraveluniversity.com\/wp-content\/uploads\/2021\/06\/WTU_Footer-2-300x258.png\" class=\"attachment-medium size-medium\" alt=\"\" srcset=\"https:\/\/www.wellnesstraveluniversity.com\/wp-content\/uploads\/2021\/06\/WTU_Footer-2-300x258.png 300w, https:\/\/www.wellnesstraveluniversity.com\/wp-content\/uploads\/2021\/06\/WTU_Footer-2-349x300.png 349w, https:\/\/www.wellnesstraveluniversity.com\/wp-content\/uploads\/2021\/06\/WTU_Footer-2.png 600w\" sizes=\"auto, (max-width: 300px) 100vw, 300px\" \/>\t\t\t\t\t\t\t\t\t\t\t\t\t\t<\/div>\n\t\t\t\t\t\t<\/div>\n\t\t\t\t<\/div>\n\t\t\t\t<div class=\"elementor-element elementor-element-1f6bd57e hfe-nav-menu__align-center hfe-submenu-icon-arrow hfe-submenu-animation-none hfe-link-redirect-child hfe-nav-menu__breakpoint-tablet elementor-widget elementor-widget-navigation-menu\" data-id=\"1f6bd57e\" data-element_type=\"widget\" data-widget_type=\"navigation-menu.default\">\n\t\t\t\t<div class=\"elementor-widget-container\">\n\t\t\t\t\t\t<div class=\"hfe-nav-menu hfe-layout-horizontal hfe-nav-menu-layout horizontal hfe-pointer__none\" data-layout=\"horizontal\">\n\t\t\t\t<div class=\"hfe-nav-menu__toggle elementor-clickable\">\n\t\t\t\t\t<div class=\"hfe-nav-menu-icon\">\n\t\t\t\t\t\t<i aria-hidden=\"true\" tabindex=\"0\" class=\"fas fa-align-justify\"><\/i>\t\t\t\t\t<\/div>\n\t\t\t\t<\/div>\n\t\t\t\t<nav class=\"hfe-nav-menu__layout-horizontal hfe-nav-menu__submenu-arrow\" data-toggle-icon=\"&lt;i aria-hidden=&quot;true&quot; tabindex=&quot;0&quot; class=&quot;fas fa-align-justify&quot;&gt;&lt;\/i&gt;\" data-close-icon=\"&lt;i aria-hidden=&quot;true&quot; tabindex=&quot;0&quot; class=&quot;far fa-window-close&quot;&gt;&lt;\/i&gt;\" data-full-width=\"yes\"><ul id=\"menu-1-1f6bd57e\" class=\"hfe-nav-menu\"><li id=\"menu-item-25920\" class=\"menu-item menu-item-type-custom menu-item-object-custom parent hfe-creative-menu\"><a href=\"https:\/\/www.wellnesstraveluniversity.com\/fi\/\" class = \"hfe-menu-item\">Etusivu<\/a><\/li>\n<li id=\"menu-item-25756\" class=\"menu-item menu-item-type-post_type menu-item-object-page parent hfe-creative-menu\"><a href=\"https:\/\/www.wellnesstraveluniversity.com\/fi\/about\/\" class = \"hfe-menu-item\">Tietoa meist\u00e4<\/a><\/li>\n<li id=\"menu-item-27527\" class=\"menu-item menu-item-type-post_type menu-item-object-page parent hfe-creative-menu\"><a href=\"https:\/\/www.wellnesstraveluniversity.com\/fi\/wellness-news-around-the-globe\/\" class = \"hfe-menu-item\">Uutiskirje<\/a><\/li>\n<li id=\"menu-item-25791\" class=\"menu-item menu-item-type-post_type menu-item-object-page parent hfe-creative-menu\"><a href=\"https:\/\/www.wellnesstraveluniversity.com\/fi\/advisors-2\/\" class = \"hfe-menu-item\">Neuvonantajat<\/a><\/li>\n<li id=\"menu-item-27387\" class=\"menu-item menu-item-type-post_type menu-item-object-page parent hfe-creative-menu\"><a href=\"https:\/\/www.wellnesstraveluniversity.com\/fi\/organic-spa-magazine\/\" class = \"hfe-menu-item\">Organic Spa Magazine<\/a><\/li>\n<li id=\"menu-item-33247\" class=\"menu-item menu-item-type-post_type menu-item-object-page parent hfe-creative-menu\"><a href=\"https:\/\/www.wellnesstraveluniversity.com\/fi\/sponsorship-deck\/\" class = \"hfe-menu-item\">Ryhdy sponsoriksi<\/a><\/li>\n<li id=\"menu-item-25764\" class=\"menu-item menu-item-type-post_type menu-item-object-page parent hfe-creative-menu\"><a href=\"https:\/\/www.wellnesstraveluniversity.com\/fi\/contact\/\" class = \"hfe-menu-item\">Ota yhteytt\u00e4<\/a><\/li>\n<li id=\"menu-item-26619\" class=\"menu-item menu-item-type-post_type menu-item-object-page parent hfe-creative-menu\"><a href=\"https:\/\/www.wellnesstraveluniversity.com\/fi\/press\/\" class = \"hfe-menu-item\">Paina<\/a><\/li>\n<\/ul><\/nav>              \n\t\t\t<\/div>\n\t\t\t\t\t<\/div>\n\t\t\t\t<\/div>\n\t\t\t\t<div class=\"elementor-element elementor-element-27065d75 hfe-nav-menu__align-center elementor-hidden-phone hfe-submenu-icon-arrow hfe-submenu-animation-none hfe-link-redirect-child hfe-nav-menu__breakpoint-tablet elementor-widget elementor-widget-navigation-menu\" data-id=\"27065d75\" data-element_type=\"widget\" data-widget_type=\"navigation-menu.default\">\n\t\t\t\t<div class=\"elementor-widget-container\">\n\t\t\t\t\t\t<div class=\"hfe-nav-menu hfe-layout-horizontal hfe-nav-menu-layout horizontal hfe-pointer__none\" data-layout=\"horizontal\">\n\t\t\t\t<div class=\"hfe-nav-menu__toggle elementor-clickable\">\n\t\t\t\t\t<div class=\"hfe-nav-menu-icon\">\n\t\t\t\t\t\t<i aria-hidden=\"true\" tabindex=\"0\" class=\"fas fa-align-justify\"><\/i>\t\t\t\t\t<\/div>\n\t\t\t\t<\/div>\n\t\t\t\t<nav class=\"hfe-nav-menu__layout-horizontal hfe-nav-menu__submenu-arrow\" data-toggle-icon=\"&lt;i aria-hidden=&quot;true&quot; tabindex=&quot;0&quot; class=&quot;fas fa-align-justify&quot;&gt;&lt;\/i&gt;\" data-close-icon=\"&lt;i aria-hidden=&quot;true&quot; tabindex=&quot;0&quot; class=&quot;far fa-window-close&quot;&gt;&lt;\/i&gt;\" data-full-width=\"yes\"><ul id=\"menu-1-27065d75\" class=\"hfe-nav-menu\"><li id=\"menu-item-25940\" class=\"menu-item menu-item-type-post_type menu-item-object-page parent hfe-creative-menu\"><a href=\"https:\/\/www.wellnesstraveluniversity.com\/fi\/privacy-policy-2\/\" class = \"hfe-menu-item\">Tietosuojak\u00e4yt\u00e4nt\u00f6<\/a><\/li>\n<li id=\"menu-item-26589\" class=\"menu-item menu-item-type-post_type menu-item-object-page parent hfe-creative-menu\"><a href=\"https:\/\/www.wellnesstraveluniversity.com\/fi\/refund-policy\/\" class = \"hfe-menu-item\">Palautusk\u00e4yt\u00e4nt\u00f6<\/a><\/li>\n<li id=\"menu-item-25944\" class=\"menu-item menu-item-type-post_type menu-item-object-page parent hfe-creative-menu\"><a href=\"https:\/\/www.wellnesstraveluniversity.com\/fi\/cookie-policy\/\" class = \"hfe-menu-item\">Ev\u00e4stek\u00e4yt\u00e4nt\u00f6<\/a><\/li>\n<li id=\"menu-item-25949\" class=\"menu-item menu-item-type-post_type menu-item-object-page parent hfe-creative-menu\"><a href=\"https:\/\/www.wellnesstraveluniversity.com\/fi\/terms-and-conditions\/\" class = \"hfe-menu-item\">Ehdot ja edellytykset<\/a><\/li>\n<\/ul><\/nav>              \n\t\t\t<\/div>\n\t\t\t\t\t<\/div>\n\t\t\t\t<\/div>\n\t\t\t\t<section class=\"elementor-section elementor-inner-section elementor-element elementor-element-680f4316 elementor-section-boxed elementor-section-height-default elementor-section-height-default\" data-id=\"680f4316\" data-element_type=\"section\">\n\t\t\t\t\t\t<div class=\"elementor-container elementor-column-gap-default\">\n\t\t\t\t\t\t\t<div class=\"elementor-row\">\n\t\t\t\t\t<div class=\"elementor-column elementor-col-50 elementor-inner-column elementor-element elementor-element-4286bbf0\" data-id=\"4286bbf0\" data-element_type=\"column\">\n\t\t\t<div class=\"elementor-column-wrap elementor-element-populated\">\n\t\t\t\t\t\t\t<div class=\"elementor-widget-wrap\">\n\t\t\t\t\t\t<div class=\"elementor-element elementor-element-129dc6c9 elementor-widget elementor-widget-image\" data-id=\"129dc6c9\" data-element_type=\"widget\" data-settings=\"{&quot;_animation_mobile&quot;:&quot;none&quot;}\" data-widget_type=\"image.default\">\n\t\t\t\t<div class=\"elementor-widget-container\">\n\t\t\t\t\t\t\t\t<div class=\"elementor-image\">\n\t\t\t\t\t\t\t\t\t\t\t\t\t<a href=\"https:\/\/www.facebook.com\/Wellness-Travel-University-148008160756929\" target=\"_blank\">\n\t\t\t\t\t\t\t<img loading=\"lazy\" decoding=\"async\" width=\"150\" height=\"150\" src=\"https:\/\/www.wellnesstraveluniversity.com\/wp-content\/uploads\/2021\/08\/Facebook_gold-150x150.png\" class=\"elementor-animation-pulse attachment-thumbnail size-thumbnail\" alt=\"\" srcset=\"https:\/\/www.wellnesstraveluniversity.com\/wp-content\/uploads\/2021\/08\/Facebook_gold-150x150.png 150w, https:\/\/www.wellnesstraveluniversity.com\/wp-content\/uploads\/2021\/08\/Facebook_gold-300x300.png 300w, https:\/\/www.wellnesstraveluniversity.com\/wp-content\/uploads\/2021\/08\/Facebook_gold-1024x1024.png 1024w, https:\/\/www.wellnesstraveluniversity.com\/wp-content\/uploads\/2021\/08\/Facebook_gold-768x769.png 768w, https:\/\/www.wellnesstraveluniversity.com\/wp-content\/uploads\/2021\/08\/Facebook_gold-600x601.png 600w, https:\/\/www.wellnesstraveluniversity.com\/wp-content\/uploads\/2021\/08\/Facebook_gold-100x100.png 100w, https:\/\/www.wellnesstraveluniversity.com\/wp-content\/uploads\/2021\/08\/Facebook_gold.png 1042w\" sizes=\"auto, (max-width: 150px) 100vw, 150px\" \/>\t\t\t\t\t\t\t\t<\/a>\n\t\t\t\t\t\t\t\t\t\t\t\t\t\t<\/div>\n\t\t\t\t\t\t<\/div>\n\t\t\t\t<\/div>\n\t\t\t\t\t\t<\/div>\n\t\t\t\t\t<\/div>\n\t\t<\/div>\n\t\t\t\t<div class=\"elementor-column elementor-col-50 elementor-inner-column elementor-element elementor-element-620527b\" data-id=\"620527b\" data-element_type=\"column\">\n\t\t\t<div class=\"elementor-column-wrap elementor-element-populated\">\n\t\t\t\t\t\t\t<div class=\"elementor-widget-wrap\">\n\t\t\t\t\t\t<div class=\"elementor-element elementor-element-18969b1 elementor-widget elementor-widget-image\" data-id=\"18969b1\" data-element_type=\"widget\" data-settings=\"{&quot;_animation_mobile&quot;:&quot;none&quot;}\" data-widget_type=\"image.default\">\n\t\t\t\t<div class=\"elementor-widget-container\">\n\t\t\t\t\t\t\t\t<div class=\"elementor-image\">\n\t\t\t\t\t\t\t\t\t\t\t\t\t<a href=\"https:\/\/www.linkedin.com\/company\/wellness-travel-university\/\" target=\"_blank\">\n\t\t\t\t\t\t\t<img loading=\"lazy\" decoding=\"async\" width=\"150\" height=\"150\" src=\"https:\/\/www.wellnesstraveluniversity.com\/wp-content\/uploads\/2021\/08\/Linkedin_gold-150x150.png\" class=\"elementor-animation-pulse attachment-thumbnail size-thumbnail\" alt=\"\" srcset=\"https:\/\/www.wellnesstraveluniversity.com\/wp-content\/uploads\/2021\/08\/Linkedin_gold-150x150.png 150w, https:\/\/www.wellnesstraveluniversity.com\/wp-content\/uploads\/2021\/08\/Linkedin_gold-300x300.png 300w, https:\/\/www.wellnesstraveluniversity.com\/wp-content\/uploads\/2021\/08\/Linkedin_gold-1024x1024.png 1024w, https:\/\/www.wellnesstraveluniversity.com\/wp-content\/uploads\/2021\/08\/Linkedin_gold-768x768.png 768w, https:\/\/www.wellnesstraveluniversity.com\/wp-content\/uploads\/2021\/08\/Linkedin_gold-600x600.png 600w, https:\/\/www.wellnesstraveluniversity.com\/wp-content\/uploads\/2021\/08\/Linkedin_gold-100x100.png 100w, https:\/\/www.wellnesstraveluniversity.com\/wp-content\/uploads\/2021\/08\/Linkedin_gold.png 1042w\" sizes=\"auto, (max-width: 150px) 100vw, 150px\" \/>\t\t\t\t\t\t\t\t<\/a>\n\t\t\t\t\t\t\t\t\t\t\t\t\t\t<\/div>\n\t\t\t\t\t\t<\/div>\n\t\t\t\t<\/div>\n\t\t\t\t\t\t<\/div>\n\t\t\t\t\t<\/div>\n\t\t<\/div>\n\t\t\t\t\t\t\t\t<\/div>\n\t\t\t\t\t<\/div>\n\t\t<\/section>\n\t\t\t\t\t\t<\/div>\n\t\t\t\t\t<\/div>\n\t\t<\/div>\n\t\t\t\t\t\t\t\t<\/div>\n\t\t\t\t\t<\/div>\n\t\t<\/section>\n\t\t\t\t<\/div>\n\t\t<\/div>\n\t\t\t\t<\/div>\n\t\t\t\t<\/div>\n\t\t\t\t<\/div>\n\t\t\t\t\t\t<\/div>\n\t\t\t\t\t<\/div>\n\t\t<\/div>\n\t\t\t\t\t\t\t\t<\/div>\n\t\t\t\t\t<\/div>\n\t\t<\/section>\n\t\t\t\t<section class=\"elementor-section elementor-top-section elementor-element elementor-element-e71b037 elementor-section-boxed elementor-section-height-default elementor-section-height-default\" data-id=\"e71b037\" data-element_type=\"section\">\n\t\t\t\t\t\t<div class=\"elementor-container elementor-column-gap-default\">\n\t\t\t\t\t\t\t<div class=\"elementor-row\">\n\t\t\t\t\t<div class=\"elementor-column elementor-col-100 elementor-top-column elementor-element elementor-element-668bcf8\" data-id=\"668bcf8\" data-element_type=\"column\">\n\t\t\t<div class=\"elementor-column-wrap elementor-element-populated\">\n\t\t\t\t\t\t\t<div class=\"elementor-widget-wrap\">\n\t\t\t\t\t\t<div class=\"elementor-element elementor-element-414023c elementor-widget elementor-widget-template\" data-id=\"414023c\" data-element_type=\"widget\" data-widget_type=\"template.default\">\n\t\t\t\t<div class=\"elementor-widget-container\">\n\t\t\t\t\t<div class=\"elementor-template\">\n\t\t\t\t\t<div data-elementor-type=\"section\" data-elementor-id=\"28653\" class=\"elementor elementor-28653\" data-elementor-settings=\"[]\">\n\t\t<div class=\"elementor-section-wrap\">\n\t\t\t\t\t<section class=\"elementor-section elementor-top-section elementor-element elementor-element-3ccad92a elementor-section-content-middle elementor-section-stretched elementor-section-boxed elementor-section-height-default elementor-section-height-default\" data-id=\"3ccad92a\" data-element_type=\"section\" data-settings=\"{&quot;background_background&quot;:&quot;classic&quot;,&quot;stretch_section&quot;:&quot;section-stretched&quot;}\">\n\t\t\t\t\t\t<div class=\"elementor-container elementor-column-gap-no\">\n\t\t\t\t\t\t\t<div class=\"elementor-row\">\n\t\t\t\t\t<div class=\"elementor-column elementor-col-100 elementor-top-column elementor-element elementor-element-6fb19e99\" data-id=\"6fb19e99\" data-element_type=\"column\">\n\t\t\t<div class=\"elementor-column-wrap elementor-element-populated\">\n\t\t\t\t\t\t\t<div class=\"elementor-widget-wrap\">\n\t\t\t\t\t\t<div class=\"elementor-element elementor-element-15ab85a6 elementor-widget elementor-widget-heading\" data-id=\"15ab85a6\" data-element_type=\"widget\" data-widget_type=\"heading.default\">\n\t\t\t\t<div class=\"elementor-widget-container\">\n\t\t\t<p class=\"elementor-heading-title elementor-size-small\">\u00a9 2025 Wellness Travel University, LLC. All Rights Reserved.<\/p>\t\t<\/div>\n\t\t\t\t<\/div>\n\t\t\t\t\t\t<\/div>\n\t\t\t\t\t<\/div>\n\t\t<\/div>\n\t\t\t\t\t\t\t\t<\/div>\n\t\t\t\t\t<\/div>\n\t\t<\/section>\n\t\t\t\t<\/div>\n\t\t<\/div>\n\t\t\t\t<\/div>\n\t\t\t\t<\/div>\n\t\t\t\t<\/div>\n\t\t\t\t\t\t<\/div>\n\t\t\t\t\t<\/div>\n\t\t<\/div>\n\t\t\t\t\t\t\t\t<\/div>\n\t\t\t\t\t<\/div>\n\t\t<\/section>\n\t\t\t\t\t\t<\/div>\n\t\t\t\t\t\t<\/div>\n\t\t\t\t\t<\/div>","protected":false},"excerpt":{"rendered":"<p>newsletter Saint Lucia: A Journey into comprehensive well-being written by Laura Powell | February 15, 2024 With a world of exquisite natural wonders and a cornucopia of world-class spas, Saint Lucia offers all of the attributes necessary for a journey into comprehensive well-being. Saint Lucia, located in the eastern Caribbean just 3.5 hours from Miami, &hellip;<\/p>\n<p class=\"read-more\"> <a class=\"\" href=\"https:\/\/www.wellnesstraveluniversity.com\/fi\/saint-lucia-february-newsletter\/\"> <span class=\"screen-reader-text\">Saint Lucia &#8211; February newsletter<\/span> Read More &raquo;<\/a><\/p>","protected":false},"author":25,"featured_media":0,"parent":0,"menu_order":0,"comment_status":"closed","ping_status":"closed","template":"","meta":{"footnotes":""},"class_list":["post-32471","page","type-page","status-publish","hentry"],"_links":{"self":[{"href":"https:\/\/www.wellnesstraveluniversity.com\/fi\/wp-json\/wp\/v2\/pages\/32471","targetHints":{"allow":["GET"]}}],"collection":[{"href":"https:\/\/www.wellnesstraveluniversity.com\/fi\/wp-json\/wp\/v2\/pages"}],"about":[{"href":"https:\/\/www.wellnesstraveluniversity.com\/fi\/wp-json\/wp\/v2\/types\/page"}],"author":[{"embeddable":true,"href":"https:\/\/www.wellnesstraveluniversity.com\/fi\/wp-json\/wp\/v2\/users\/25"}],"replies":[{"embeddable":true,"href":"https:\/\/www.wellnesstraveluniversity.com\/fi\/wp-json\/wp\/v2\/comments?post=32471"}],"version-history":[{"count":0,"href":"https:\/\/www.wellnesstraveluniversity.com\/fi\/wp-json\/wp\/v2\/pages\/32471\/revisions"}],"wp:attachment":[{"href":"https:\/\/www.wellnesstraveluniversity.com\/fi\/wp-json\/wp\/v2\/media?parent=32471"}],"curies":[{"name":"wp","href":"https:\/\/api.w.org\/{rel}","templated":true}]}}