{"id":401,"date":"2019-03-19T13:42:23","date_gmt":"2019-03-19T13:42:23","guid":{"rendered":"https:\/\/www.wellnesstraveluniversity.com\/contact\/"},"modified":"2026-01-29T14:51:39","modified_gmt":"2026-01-29T14:51:39","slug":"contact","status":"publish","type":"page","link":"https:\/\/www.wellnesstraveluniversity.com\/is\/contact\/","title":{"rendered":"Contact"},"content":{"rendered":"<div data-elementor-type=\"wp-post\" data-elementor-id=\"401\" class=\"elementor elementor-401\" data-elementor-settings=\"[]\">\n\t\t\t\t\t\t<div class=\"elementor-inner\">\n\t\t\t\t\t\t\t<div class=\"elementor-section-wrap\">\n\t\t\t\t\t\t\t<section class=\"elementor-section elementor-top-section elementor-element elementor-element-1e510346 elementor-section-height-min-height elementor-section-full_width elementor-section-height-default elementor-section-items-middle\" data-id=\"1e510346\" data-element_type=\"section\" data-settings=\"{&quot;background_background&quot;:&quot;classic&quot;}\">\n\t\t\t\t\t\t<div class=\"elementor-container elementor-column-gap-default\">\n\t\t\t\t\t\t\t<div class=\"elementor-row\">\n\t\t\t\t\t<div class=\"elementor-column elementor-col-100 elementor-top-column elementor-element elementor-element-231f214\" data-id=\"231f214\" data-element_type=\"column\">\n\t\t\t<div class=\"elementor-column-wrap elementor-element-populated\">\n\t\t\t\t\t\t\t<div class=\"elementor-widget-wrap\">\n\t\t\t\t\t\t<div class=\"elementor-element elementor-element-5ed751b elementor-widget elementor-widget-heading\" data-id=\"5ed751b\" data-element_type=\"widget\" data-widget_type=\"heading.default\">\n\t\t\t\t<div class=\"elementor-widget-container\">\n\t\t\t<h2 class=\"elementor-heading-title elementor-size-default\">CONTACT US <\/h2>\t\t<\/div>\n\t\t\t\t<\/div>\n\t\t\t\t\t\t<\/div>\n\t\t\t\t\t<\/div>\n\t\t<\/div>\n\t\t\t\t\t\t\t\t<\/div>\n\t\t\t\t\t<\/div>\n\t\t<\/section>\n\t\t\t\t<section class=\"elementor-section elementor-top-section elementor-element elementor-element-d320bd5 elementor-section-boxed elementor-section-height-default elementor-section-height-default\" data-id=\"d320bd5\" data-element_type=\"section\">\n\t\t\t\t\t\t<div class=\"elementor-container elementor-column-gap-default\">\n\t\t\t\t\t\t\t<div class=\"elementor-row\">\n\t\t\t\t\t<div class=\"elementor-column elementor-col-100 elementor-top-column elementor-element elementor-element-49337b2\" data-id=\"49337b2\" data-element_type=\"column\">\n\t\t\t<div class=\"elementor-column-wrap elementor-element-populated\">\n\t\t\t\t\t\t\t<div class=\"elementor-widget-wrap\">\n\t\t\t\t\t\t<div class=\"elementor-element elementor-element-f76c69d elementor-widget elementor-widget-heading\" data-id=\"f76c69d\" data-element_type=\"widget\" data-widget_type=\"heading.default\">\n\t\t\t\t<div class=\"elementor-widget-container\">\n\t\t\t<h4 class=\"elementor-heading-title elementor-size-default\">Corporate Office<\/h4>\t\t<\/div>\n\t\t\t\t<\/div>\n\t\t\t\t<div class=\"elementor-element elementor-element-6d8b360 elementor-widget elementor-widget-text-editor\" data-id=\"6d8b360\" data-element_type=\"widget\" data-widget_type=\"text-editor.default\">\n\t\t\t\t<div class=\"elementor-widget-container\">\n\t\t\t\t\t\t\t\t<div class=\"elementor-text-editor elementor-clearfix\">\n\t\t\t\t\t<p>19537 Lake Road, Suite 203<br \/>Rocky River, OH 44116<br \/>440.331.5750<\/p>\t\t\t\t\t<\/div>\n\t\t\t\t\t\t<\/div>\n\t\t\t\t<\/div>\n\t\t\t\t<div class=\"elementor-element elementor-element-4493604 elementor-widget elementor-widget-heading\" data-id=\"4493604\" data-element_type=\"widget\" data-widget_type=\"heading.default\">\n\t\t\t\t<div class=\"elementor-widget-container\">\n\t\t\t<h4 class=\"elementor-heading-title elementor-size-default\">New York Office<\/h4>\t\t<\/div>\n\t\t\t\t<\/div>\n\t\t\t\t<div class=\"elementor-element elementor-element-6b9d6ad elementor-widget elementor-widget-text-editor\" data-id=\"6b9d6ad\" data-element_type=\"widget\" data-widget_type=\"text-editor.default\">\n\t\t\t\t<div class=\"elementor-widget-container\">\n\t\t\t\t\t\t\t\t<div class=\"elementor-text-editor elementor-clearfix\">\n\t\t\t\t\t<p data-unit=\"px\">717 9th Avenue<br>Suite 3A<br>New York, NY 10019<\/p>\t\t\t\t\t<\/div>\n\t\t\t\t\t\t<\/div>\n\t\t\t\t<\/div>\n\t\t\t\t<div class=\"elementor-element elementor-element-23af35c elementor-widget elementor-widget-heading\" data-id=\"23af35c\" data-element_type=\"widget\" data-widget_type=\"heading.default\">\n\t\t\t\t<div class=\"elementor-widget-container\">\n\t\t\t<h4 class=\"elementor-heading-title elementor-size-default\">London Office<\/h4>\t\t<\/div>\n\t\t\t\t<\/div>\n\t\t\t\t<div class=\"elementor-element elementor-element-c55c7c1 elementor-widget elementor-widget-text-editor\" data-id=\"c55c7c1\" data-element_type=\"widget\" data-widget_type=\"text-editor.default\">\n\t\t\t\t<div class=\"elementor-widget-container\">\n\t\t\t\t\t\t\t\t<div class=\"elementor-text-editor elementor-clearfix\">\n\t\t\t\t\t<p>4 Haycroft Gardens<br \/>London NW10 3BN<br \/>United Kingdom<\/p>\t\t\t\t\t<\/div>\n\t\t\t\t\t\t<\/div>\n\t\t\t\t<\/div>\n\t\t\t\t<div class=\"elementor-element elementor-element-c620f49 elementor-widget elementor-widget-heading\" data-id=\"c620f49\" data-element_type=\"widget\" data-widget_type=\"heading.default\">\n\t\t\t\t<div class=\"elementor-widget-container\">\n\t\t\t<h4 class=\"elementor-heading-title elementor-size-default\">Questions \/ Inquiries<\/h4>\t\t<\/div>\n\t\t\t\t<\/div>\n\t\t\t\t<div class=\"elementor-element elementor-element-240b13d elementor-widget elementor-widget-text-editor\" data-id=\"240b13d\" data-element_type=\"widget\" data-widget_type=\"text-editor.default\">\n\t\t\t\t<div class=\"elementor-widget-container\">\n\t\t\t\t\t\t\t\t<div class=\"elementor-text-editor elementor-clearfix\">\n\t\t\t\t\t<p>Account Support &amp; Sponsorship Inquiries | Neil Andrea Rubi<br><a style=\"transition-delay: 0s;\" href=\"mailto:info@wellnesstraveluniversity.com\">neil@wellnessmediacompany.com<\/a><\/p>\n<p>For all other inquiries:<br><a href=\"mailto:info@wellnesstraveluniversity.com\">info@wellnesstraveluniversity.com<\/a><\/p>\t\t\t\t\t<\/div>\n\t\t\t\t\t\t<\/div>\n\t\t\t\t<\/div>\n\t\t\t\t<div class=\"elementor-element elementor-element-a31b802 elementor-widget elementor-widget-spacer\" data-id=\"a31b802\" data-element_type=\"widget\" data-widget_type=\"spacer.default\">\n\t\t\t\t<div class=\"elementor-widget-container\">\n\t\t\t\t\t<div class=\"elementor-spacer\">\n\t\t\t<div class=\"elementor-spacer-inner\"><\/div>\n\t\t<\/div>\n\t\t\t\t<\/div>\n\t\t\t\t<\/div>\n\t\t\t\t\t\t<\/div>\n\t\t\t\t\t<\/div>\n\t\t<\/div>\n\t\t\t\t\t\t\t\t<\/div>\n\t\t\t\t\t<\/div>\n\t\t<\/section>\n\t\t\t\t<section class=\"elementor-section elementor-top-section elementor-element elementor-element-65989b4 elementor-section-boxed elementor-section-height-default elementor-section-height-default\" data-id=\"65989b4\" data-element_type=\"section\">\n\t\t\t\t\t\t<div class=\"elementor-container elementor-column-gap-default\">\n\t\t\t\t\t\t\t<div class=\"elementor-row\">\n\t\t\t\t\t<div class=\"elementor-column elementor-col-100 elementor-top-column elementor-element elementor-element-82851ee\" data-id=\"82851ee\" data-element_type=\"column\">\n\t\t\t<div class=\"elementor-column-wrap elementor-element-populated\">\n\t\t\t\t\t\t\t<div class=\"elementor-widget-wrap\">\n\t\t\t\t\t\t<div class=\"elementor-element elementor-element-72fc176 elementor-widget elementor-widget-template\" data-id=\"72fc176\" data-element_type=\"widget\" data-widget_type=\"template.default\">\n\t\t\t\t<div class=\"elementor-widget-container\">\n\t\t\t\t\t<div class=\"elementor-template\">\n\t\t\t\t\t<div data-elementor-type=\"section\" data-elementor-id=\"28652\" class=\"elementor elementor-28652\" data-elementor-settings=\"[]\">\n\t\t<div class=\"elementor-section-wrap\">\n\t\t\t\t\t<section class=\"elementor-section elementor-top-section elementor-element elementor-element-799493d elementor-section-content-middle elementor-section-stretched elementor-section-boxed elementor-section-height-default elementor-section-height-default\" data-id=\"799493d\" data-element_type=\"section\" data-settings=\"{&quot;background_background&quot;:&quot;classic&quot;,&quot;stretch_section&quot;:&quot;section-stretched&quot;}\">\n\t\t\t\t\t\t<div class=\"elementor-container elementor-column-gap-no\">\n\t\t\t\t\t\t\t<div class=\"elementor-row\">\n\t\t\t\t\t<div class=\"elementor-column elementor-col-100 elementor-top-column elementor-element elementor-element-2ba8694d\" data-id=\"2ba8694d\" data-element_type=\"column\">\n\t\t\t<div class=\"elementor-column-wrap elementor-element-populated\">\n\t\t\t\t\t\t\t<div class=\"elementor-widget-wrap\">\n\t\t\t\t\t\t<div class=\"elementor-element elementor-element-540e5690 elementor-widget elementor-widget-image\" data-id=\"540e5690\" data-element_type=\"widget\" data-widget_type=\"image.default\">\n\t\t\t\t<div class=\"elementor-widget-container\">\n\t\t\t\t\t\t\t\t<div class=\"elementor-image\">\n\t\t\t\t\t\t\t\t\t\t\t\t<img loading=\"lazy\" decoding=\"async\" width=\"300\" height=\"258\" src=\"https:\/\/www.wellnesstraveluniversity.com\/wp-content\/uploads\/2021\/06\/WTU_Footer-2-300x258.png\" class=\"attachment-medium size-medium\" alt=\"\" srcset=\"https:\/\/www.wellnesstraveluniversity.com\/wp-content\/uploads\/2021\/06\/WTU_Footer-2-300x258.png 300w, https:\/\/www.wellnesstraveluniversity.com\/wp-content\/uploads\/2021\/06\/WTU_Footer-2-349x300.png 349w, https:\/\/www.wellnesstraveluniversity.com\/wp-content\/uploads\/2021\/06\/WTU_Footer-2.png 600w\" sizes=\"auto, (max-width: 300px) 100vw, 300px\" \/>\t\t\t\t\t\t\t\t\t\t\t\t\t\t<\/div>\n\t\t\t\t\t\t<\/div>\n\t\t\t\t<\/div>\n\t\t\t\t<div class=\"elementor-element elementor-element-1f6bd57e hfe-nav-menu__align-center hfe-submenu-icon-arrow hfe-submenu-animation-none hfe-link-redirect-child hfe-nav-menu__breakpoint-tablet elementor-widget elementor-widget-navigation-menu\" data-id=\"1f6bd57e\" data-element_type=\"widget\" data-widget_type=\"navigation-menu.default\">\n\t\t\t\t<div class=\"elementor-widget-container\">\n\t\t\t\t\t\t<div class=\"hfe-nav-menu hfe-layout-horizontal hfe-nav-menu-layout horizontal hfe-pointer__none\" data-layout=\"horizontal\">\n\t\t\t\t<div class=\"hfe-nav-menu__toggle elementor-clickable\">\n\t\t\t\t\t<div class=\"hfe-nav-menu-icon\">\n\t\t\t\t\t\t<i aria-hidden=\"true\" tabindex=\"0\" class=\"fas fa-align-justify\"><\/i>\t\t\t\t\t<\/div>\n\t\t\t\t<\/div>\n\t\t\t\t<nav class=\"hfe-nav-menu__layout-horizontal hfe-nav-menu__submenu-arrow\" data-toggle-icon=\"&lt;i aria-hidden=&quot;true&quot; tabindex=&quot;0&quot; class=&quot;fas fa-align-justify&quot;&gt;&lt;\/i&gt;\" data-close-icon=\"&lt;i aria-hidden=&quot;true&quot; tabindex=&quot;0&quot; class=&quot;far fa-window-close&quot;&gt;&lt;\/i&gt;\" data-full-width=\"yes\"><ul id=\"menu-1-1f6bd57e\" class=\"hfe-nav-menu\"><li id=\"menu-item-25920\" class=\"menu-item menu-item-type-custom menu-item-object-custom parent hfe-creative-menu\"><a href=\"https:\/\/www.wellnesstraveluniversity.com\/is\/\" class = \"hfe-menu-item\">Heim<\/a><\/li>\n<li id=\"menu-item-25756\" class=\"menu-item menu-item-type-post_type menu-item-object-page parent hfe-creative-menu\"><a href=\"https:\/\/www.wellnesstraveluniversity.com\/is\/about\/\" class = \"hfe-menu-item\">Um okkur<\/a><\/li>\n<li id=\"menu-item-27527\" class=\"menu-item menu-item-type-post_type menu-item-object-page parent hfe-creative-menu\"><a href=\"https:\/\/www.wellnesstraveluniversity.com\/is\/wellness-news-around-the-globe\/\" class = \"hfe-menu-item\">Fr\u00e9ttabr\u00e9f<\/a><\/li>\n<li id=\"menu-item-25791\" class=\"menu-item menu-item-type-post_type menu-item-object-page parent hfe-creative-menu\"><a href=\"https:\/\/www.wellnesstraveluniversity.com\/is\/advisors-2\/\" class = \"hfe-menu-item\">R\u00e1\u00f0gjafar<\/a><\/li>\n<li id=\"menu-item-27387\" class=\"menu-item menu-item-type-post_type menu-item-object-page parent hfe-creative-menu\"><a href=\"https:\/\/www.wellnesstraveluniversity.com\/is\/organic-spa-magazine\/\" class = \"hfe-menu-item\">T\u00edmarit l\u00edfr\u00e6nna heilsulinda<\/a><\/li>\n<li id=\"menu-item-33247\" class=\"menu-item menu-item-type-post_type menu-item-object-page parent hfe-creative-menu\"><a href=\"https:\/\/www.wellnesstraveluniversity.com\/is\/sponsorship-deck\/\" class = \"hfe-menu-item\">Gerast styrktara\u00f0ili<\/a><\/li>\n<li id=\"menu-item-25764\" class=\"menu-item menu-item-type-post_type menu-item-object-page parent hfe-creative-menu\"><a href=\"https:\/\/www.wellnesstraveluniversity.com\/is\/contact\/\" class = \"hfe-menu-item\">Haf\u00f0u samband<\/a><\/li>\n<li id=\"menu-item-26619\" class=\"menu-item menu-item-type-post_type menu-item-object-page parent hfe-creative-menu\"><a href=\"https:\/\/www.wellnesstraveluniversity.com\/is\/press\/\" class = \"hfe-menu-item\">\u00ddttu \u00e1<\/a><\/li>\n<\/ul><\/nav>              \n\t\t\t<\/div>\n\t\t\t\t\t<\/div>\n\t\t\t\t<\/div>\n\t\t\t\t<div class=\"elementor-element elementor-element-27065d75 hfe-nav-menu__align-center elementor-hidden-phone hfe-submenu-icon-arrow hfe-submenu-animation-none hfe-link-redirect-child hfe-nav-menu__breakpoint-tablet elementor-widget elementor-widget-navigation-menu\" data-id=\"27065d75\" data-element_type=\"widget\" data-widget_type=\"navigation-menu.default\">\n\t\t\t\t<div class=\"elementor-widget-container\">\n\t\t\t\t\t\t<div class=\"hfe-nav-menu hfe-layout-horizontal hfe-nav-menu-layout horizontal hfe-pointer__none\" data-layout=\"horizontal\">\n\t\t\t\t<div class=\"hfe-nav-menu__toggle elementor-clickable\">\n\t\t\t\t\t<div class=\"hfe-nav-menu-icon\">\n\t\t\t\t\t\t<i aria-hidden=\"true\" tabindex=\"0\" class=\"fas fa-align-justify\"><\/i>\t\t\t\t\t<\/div>\n\t\t\t\t<\/div>\n\t\t\t\t<nav class=\"hfe-nav-menu__layout-horizontal hfe-nav-menu__submenu-arrow\" data-toggle-icon=\"&lt;i aria-hidden=&quot;true&quot; tabindex=&quot;0&quot; class=&quot;fas fa-align-justify&quot;&gt;&lt;\/i&gt;\" data-close-icon=\"&lt;i aria-hidden=&quot;true&quot; tabindex=&quot;0&quot; class=&quot;far fa-window-close&quot;&gt;&lt;\/i&gt;\" data-full-width=\"yes\"><ul id=\"menu-1-27065d75\" class=\"hfe-nav-menu\"><li id=\"menu-item-25940\" class=\"menu-item menu-item-type-post_type menu-item-object-page parent hfe-creative-menu\"><a href=\"https:\/\/www.wellnesstraveluniversity.com\/is\/privacy-policy-2\/\" class = \"hfe-menu-item\">Pers\u00f3nuverndarstefna<\/a><\/li>\n<li id=\"menu-item-26589\" class=\"menu-item menu-item-type-post_type menu-item-object-page parent hfe-creative-menu\"><a href=\"https:\/\/www.wellnesstraveluniversity.com\/is\/refund-policy\/\" class = \"hfe-menu-item\">Endurgrei\u00f0slustefna<\/a><\/li>\n<li id=\"menu-item-25944\" class=\"menu-item menu-item-type-post_type menu-item-object-page parent hfe-creative-menu\"><a href=\"https:\/\/www.wellnesstraveluniversity.com\/is\/cookie-policy\/\" class = \"hfe-menu-item\">Vafrak\u00f6kurstefna<\/a><\/li>\n<li id=\"menu-item-25949\" class=\"menu-item menu-item-type-post_type menu-item-object-page parent hfe-creative-menu\"><a href=\"https:\/\/www.wellnesstraveluniversity.com\/is\/terms-and-conditions\/\" class = \"hfe-menu-item\">Skilm\u00e1lar og skilyr\u00f0i<\/a><\/li>\n<\/ul><\/nav>              \n\t\t\t<\/div>\n\t\t\t\t\t<\/div>\n\t\t\t\t<\/div>\n\t\t\t\t<section class=\"elementor-section elementor-inner-section elementor-element elementor-element-680f4316 elementor-section-boxed elementor-section-height-default elementor-section-height-default\" data-id=\"680f4316\" data-element_type=\"section\">\n\t\t\t\t\t\t<div class=\"elementor-container elementor-column-gap-default\">\n\t\t\t\t\t\t\t<div class=\"elementor-row\">\n\t\t\t\t\t<div class=\"elementor-column elementor-col-50 elementor-inner-column elementor-element elementor-element-4286bbf0\" data-id=\"4286bbf0\" data-element_type=\"column\">\n\t\t\t<div class=\"elementor-column-wrap elementor-element-populated\">\n\t\t\t\t\t\t\t<div class=\"elementor-widget-wrap\">\n\t\t\t\t\t\t<div class=\"elementor-element elementor-element-129dc6c9 elementor-widget elementor-widget-image\" data-id=\"129dc6c9\" data-element_type=\"widget\" data-settings=\"{&quot;_animation_mobile&quot;:&quot;none&quot;}\" data-widget_type=\"image.default\">\n\t\t\t\t<div class=\"elementor-widget-container\">\n\t\t\t\t\t\t\t\t<div class=\"elementor-image\">\n\t\t\t\t\t\t\t\t\t\t\t\t\t<a href=\"https:\/\/www.facebook.com\/Wellness-Travel-University-148008160756929\" target=\"_blank\">\n\t\t\t\t\t\t\t<img loading=\"lazy\" decoding=\"async\" width=\"150\" height=\"150\" src=\"https:\/\/www.wellnesstraveluniversity.com\/wp-content\/uploads\/2021\/08\/Facebook_gold-150x150.png\" class=\"elementor-animation-pulse attachment-thumbnail size-thumbnail\" alt=\"\" srcset=\"https:\/\/www.wellnesstraveluniversity.com\/wp-content\/uploads\/2021\/08\/Facebook_gold-150x150.png 150w, https:\/\/www.wellnesstraveluniversity.com\/wp-content\/uploads\/2021\/08\/Facebook_gold-300x300.png 300w, https:\/\/www.wellnesstraveluniversity.com\/wp-content\/uploads\/2021\/08\/Facebook_gold-1024x1024.png 1024w, https:\/\/www.wellnesstraveluniversity.com\/wp-content\/uploads\/2021\/08\/Facebook_gold-768x769.png 768w, https:\/\/www.wellnesstraveluniversity.com\/wp-content\/uploads\/2021\/08\/Facebook_gold-600x601.png 600w, https:\/\/www.wellnesstraveluniversity.com\/wp-content\/uploads\/2021\/08\/Facebook_gold-100x100.png 100w, https:\/\/www.wellnesstraveluniversity.com\/wp-content\/uploads\/2021\/08\/Facebook_gold.png 1042w\" sizes=\"auto, (max-width: 150px) 100vw, 150px\" \/>\t\t\t\t\t\t\t\t<\/a>\n\t\t\t\t\t\t\t\t\t\t\t\t\t\t<\/div>\n\t\t\t\t\t\t<\/div>\n\t\t\t\t<\/div>\n\t\t\t\t\t\t<\/div>\n\t\t\t\t\t<\/div>\n\t\t<\/div>\n\t\t\t\t<div class=\"elementor-column elementor-col-50 elementor-inner-column elementor-element elementor-element-620527b\" data-id=\"620527b\" data-element_type=\"column\">\n\t\t\t<div class=\"elementor-column-wrap elementor-element-populated\">\n\t\t\t\t\t\t\t<div class=\"elementor-widget-wrap\">\n\t\t\t\t\t\t<div class=\"elementor-element elementor-element-18969b1 elementor-widget elementor-widget-image\" data-id=\"18969b1\" data-element_type=\"widget\" data-settings=\"{&quot;_animation_mobile&quot;:&quot;none&quot;}\" data-widget_type=\"image.default\">\n\t\t\t\t<div class=\"elementor-widget-container\">\n\t\t\t\t\t\t\t\t<div class=\"elementor-image\">\n\t\t\t\t\t\t\t\t\t\t\t\t\t<a href=\"https:\/\/www.linkedin.com\/company\/wellness-travel-university\/\" target=\"_blank\">\n\t\t\t\t\t\t\t<img loading=\"lazy\" decoding=\"async\" width=\"150\" height=\"150\" src=\"https:\/\/www.wellnesstraveluniversity.com\/wp-content\/uploads\/2021\/08\/Linkedin_gold-150x150.png\" class=\"elementor-animation-pulse attachment-thumbnail size-thumbnail\" alt=\"\" srcset=\"https:\/\/www.wellnesstraveluniversity.com\/wp-content\/uploads\/2021\/08\/Linkedin_gold-150x150.png 150w, https:\/\/www.wellnesstraveluniversity.com\/wp-content\/uploads\/2021\/08\/Linkedin_gold-300x300.png 300w, https:\/\/www.wellnesstraveluniversity.com\/wp-content\/uploads\/2021\/08\/Linkedin_gold-1024x1024.png 1024w, https:\/\/www.wellnesstraveluniversity.com\/wp-content\/uploads\/2021\/08\/Linkedin_gold-768x768.png 768w, https:\/\/www.wellnesstraveluniversity.com\/wp-content\/uploads\/2021\/08\/Linkedin_gold-600x600.png 600w, https:\/\/www.wellnesstraveluniversity.com\/wp-content\/uploads\/2021\/08\/Linkedin_gold-100x100.png 100w, https:\/\/www.wellnesstraveluniversity.com\/wp-content\/uploads\/2021\/08\/Linkedin_gold.png 1042w\" sizes=\"auto, (max-width: 150px) 100vw, 150px\" \/>\t\t\t\t\t\t\t\t<\/a>\n\t\t\t\t\t\t\t\t\t\t\t\t\t\t<\/div>\n\t\t\t\t\t\t<\/div>\n\t\t\t\t<\/div>\n\t\t\t\t\t\t<\/div>\n\t\t\t\t\t<\/div>\n\t\t<\/div>\n\t\t\t\t\t\t\t\t<\/div>\n\t\t\t\t\t<\/div>\n\t\t<\/section>\n\t\t\t\t\t\t<\/div>\n\t\t\t\t\t<\/div>\n\t\t<\/div>\n\t\t\t\t\t\t\t\t<\/div>\n\t\t\t\t\t<\/div>\n\t\t<\/section>\n\t\t\t\t<\/div>\n\t\t<\/div>\n\t\t\t\t<\/div>\n\t\t\t\t<\/div>\n\t\t\t\t<\/div>\n\t\t\t\t\t\t<\/div>\n\t\t\t\t\t<\/div>\n\t\t<\/div>\n\t\t\t\t\t\t\t\t<\/div>\n\t\t\t\t\t<\/div>\n\t\t<\/section>\n\t\t\t\t\t\t<\/div>\n\t\t\t\t\t\t<\/div>\n\t\t\t\t\t<\/div>","protected":false},"excerpt":{"rendered":"<p>CONTACT US Corporate Office 19537 Lake Road, Suite 203Rocky River, OH 44116440.331.5750 New York Office 717 9th AvenueSuite 3ANew York, NY 10019 London Office 4 Haycroft GardensLondon NW10 3BNUnited Kingdom Questions \/ Inquiries Account Support &amp; Sponsorship Inquiries | Neil Andrea Rubineil@wellnessmediacompany.com For all other inquiries:info@wellnesstraveluniversity.com<\/p>","protected":false},"author":25,"featured_media":0,"parent":0,"menu_order":0,"comment_status":"closed","ping_status":"closed","template":"","meta":{"footnotes":""},"class_list":["post-401","page","type-page","status-publish","hentry"],"_links":{"self":[{"href":"https:\/\/www.wellnesstraveluniversity.com\/is\/wp-json\/wp\/v2\/pages\/401","targetHints":{"allow":["GET"]}}],"collection":[{"href":"https:\/\/www.wellnesstraveluniversity.com\/is\/wp-json\/wp\/v2\/pages"}],"about":[{"href":"https:\/\/www.wellnesstraveluniversity.com\/is\/wp-json\/wp\/v2\/types\/page"}],"author":[{"embeddable":true,"href":"https:\/\/www.wellnesstraveluniversity.com\/is\/wp-json\/wp\/v2\/users\/25"}],"replies":[{"embeddable":true,"href":"https:\/\/www.wellnesstraveluniversity.com\/is\/wp-json\/wp\/v2\/comments?post=401"}],"version-history":[{"count":0,"href":"https:\/\/www.wellnesstraveluniversity.com\/is\/wp-json\/wp\/v2\/pages\/401\/revisions"}],"wp:attachment":[{"href":"https:\/\/www.wellnesstraveluniversity.com\/is\/wp-json\/wp\/v2\/media?parent=401"}],"curies":[{"name":"wp","href":"https:\/\/api.w.org\/{rel}","templated":true}]}}